{"id":185,"date":"2026-04-16T09:03:44","date_gmt":"2026-04-16T09:03:44","guid":{"rendered":"https:\/\/terrakiz.fr\/?page_id=185"},"modified":"2026-04-16T10:38:27","modified_gmt":"2026-04-16T10:38:27","slug":"les-jardins-de-piroulet-2","status":"publish","type":"page","link":"https:\/\/terrakiz.fr\/?page_id=185","title":{"rendered":"Les Jardins de Piroulet"},"content":{"rendered":"\n<div class=\"wp-block-columns is-layout-flex wp-container-core-columns-is-layout-28f84493 wp-block-columns-is-layout-flex\">\n<div class=\"wp-block-column is-layout-flow wp-block-column-is-layout-flow\" style=\"flex-basis:66.66%\">\n<figure class=\"wp-block-image size-large\"><img fetchpriority=\"high\" decoding=\"async\" width=\"1024\" height=\"902\" src=\"http:\/\/terrakiz.fr\/wp-content\/uploads\/Les-Jardins-de-Piroulet-1024x902.png\" alt=\"\" class=\"wp-image-194\" srcset=\"https:\/\/terrakiz.fr\/wp-content\/uploads\/Les-Jardins-de-Piroulet-1024x902.png 1024w, https:\/\/terrakiz.fr\/wp-content\/uploads\/Les-Jardins-de-Piroulet-300x264.png 300w, https:\/\/terrakiz.fr\/wp-content\/uploads\/Les-Jardins-de-Piroulet-768x676.png 768w, https:\/\/terrakiz.fr\/wp-content\/uploads\/Les-Jardins-de-Piroulet.png 1340w\" sizes=\"(max-width: 1024px) 100vw, 1024px\" \/><\/figure>\n\n\n\n<p>Se rendre sur le terrain avec <a href=\"https:\/\/maps.app.goo.gl\/w2xHZHtduJi92bse9\" target=\"_blank\" rel=\"noreferrer noopener\">Google Maps<\/a><br><\/p>\n\n\n\n<h2 class=\"wp-block-heading has-ast-global-color-4-color has-text-color has-background has-link-color wp-elements-a96344137ab7f9b1621b26cb510e8aab\" style=\"background-color:#145f37\">Grille de prix<\/h2>\n\n\n\n<figure class=\"wp-block-table\"><table class=\"has-fixed-layout\"><thead><tr><th>N\u00b0 de Lot<\/th><th>Superficie<\/th><th>Prix<\/th><\/tr><\/thead><tbody><tr><td>1<\/td><td>405<\/td><td>160.000 \u20ac<\/td><\/tr><tr><td>2<\/td><td>405<\/td><td>160.000 \u20ac<\/td><\/tr><tr><td>3<\/td><td>400<\/td><td>275.000 \u20ac<\/td><\/tr><tr><td>4<\/td><td>553<\/td><td>170.000 \u20ac<\/td><\/tr><tr><td>5<\/td><td>426<\/td><td>165.000 \u20ac<\/td><\/tr><\/tbody><\/table><\/figure>\n<\/div>\n\n\n\n<div class=\"wp-block-column is-layout-flow wp-container-core-column-is-layout-8a368f38 wp-block-column-is-layout-flow\" style=\"border-top-left-radius:0px;border-top-right-radius:0px;border-bottom-left-radius:0px;border-bottom-right-radius:0px;flex-basis:33.33%\">\n<p class=\"has-ast-global-color-4-color has-text-color has-background has-link-color has-medium-font-size wp-elements-64f1650526779ec59bf1b32fce8c59c1\" style=\"background-color:#145f37\">Documents \u00e0 t\u00e9l\u00e9charger<\/p>\n\n\n\n<p><a href=\"http:\/\/terrakiz.fr\/wp-content\/uploads\/piroulet-dossier.pdf\" data-type=\"link\" data-id=\"http:\/\/terrakiz.fr\/wp-content\/uploads\/piroulet-dossier.pdf\" target=\"_blank\" rel=\"noreferrer noopener\">Dossier complet du lotissement<\/a><\/p>\n\n\n\n<p><a href=\"http:\/\/terrakiz.fr\/wp-content\/uploads\/piroulet-compo.pdf\" target=\"_blank\" rel=\"noreferrer noopener\">Plan de composition<\/a><\/p>\n\n\n\n<p><a href=\"http:\/\/terrakiz.fr\/wp-content\/uploads\/piroulet-plu-uc.pdf\" data-type=\"link\" data-id=\"http:\/\/terrakiz.fr\/wp-content\/uploads\/piroulet-plu-uc.pdf\" target=\"_blank\" rel=\"noreferrer noopener\">R\u00e8glement de zone<\/a><\/p>\n\n\n\n<p><a href=\"http:\/\/terrakiz.fr\/wp-content\/uploads\/piroulet-reglement.pdf\" data-type=\"link\" data-id=\"http:\/\/terrakiz.fr\/wp-content\/uploads\/piroulet-reglement.pdf\" target=\"_blank\" rel=\"noreferrer noopener\">R\u00e8glement du lotissement<\/a><\/p>\n\n\n\n<p><a href=\"http:\/\/terrakiz.fr\/wp-content\/uploads\/piroulet-plans-individuels.pdf\" data-type=\"link\" data-id=\"http:\/\/terrakiz.fr\/wp-content\/uploads\/piroulet-plans-individuels.pdf\" target=\"_blank\" rel=\"noreferrer noopener\">Plans unitaires des lots<\/a><\/p>\n\n\n\n<p><\/p>\n<\/div>\n<\/div>\n\n\n\n<p><\/p>\n\n\n\n<p><\/p>\n","protected":false},"excerpt":{"rendered":"<p>Se rendre sur le terrain avec Google Maps Grille de prix N\u00b0 de Lot Superficie Prix 1 405 160.000 \u20ac [&hellip;]<\/p>\n","protected":false},"author":1,"featured_media":0,"parent":24,"menu_order":0,"comment_status":"closed","ping_status":"closed","template":"","meta":{"site-sidebar-layout":"default","site-content-layout":"","ast-site-content-layout":"default","site-content-style":"default","site-sidebar-style":"default","ast-global-header-display":"","ast-banner-title-visibility":"","ast-main-header-display":"","ast-hfb-above-header-display":"","ast-hfb-below-header-display":"","ast-hfb-mobile-header-display":"","site-post-title":"","ast-breadcrumbs-content":"","ast-featured-img":"","footer-sml-layout":"","ast-disable-related-posts":"","theme-transparent-header-meta":"","adv-header-id-meta":"","stick-header-meta":"","header-above-stick-meta":"","header-main-stick-meta":"","header-below-stick-meta":"","astra-migrate-meta-layouts":"default","ast-page-background-enabled":"default","ast-page-background-meta":{"desktop":{"background-color":"var(--ast-global-color-5)","background-image":"","background-repeat":"repeat","background-position":"center center","background-size":"auto","background-attachment":"scroll","background-type":"","background-media":"","overlay-type":"","overlay-color":"","overlay-opacity":"","overlay-gradient":""},"tablet":{"background-color":"","background-image":"","background-repeat":"repeat","background-position":"center center","background-size":"auto","background-attachment":"scroll","background-type":"","background-media":"","overlay-type":"","overlay-color":"","overlay-opacity":"","overlay-gradient":""},"mobile":{"background-color":"","background-image":"","background-repeat":"repeat","background-position":"center center","background-size":"auto","background-attachment":"scroll","background-type":"","background-media":"","overlay-type":"","overlay-color":"","overlay-opacity":"","overlay-gradient":""}},"ast-content-background-meta":{"desktop":{"background-color":"var(--ast-global-color-4)","background-image":"","background-repeat":"repeat","background-position":"center center","background-size":"auto","background-attachment":"scroll","background-type":"","background-media":"","overlay-type":"","overlay-color":"","overlay-opacity":"","overlay-gradient":""},"tablet":{"background-color":"var(--ast-global-color-4)","background-image":"","background-repeat":"repeat","background-position":"center center","background-size":"auto","background-attachment":"scroll","background-type":"","background-media":"","overlay-type":"","overlay-color":"","overlay-opacity":"","overlay-gradient":""},"mobile":{"background-color":"var(--ast-global-color-4)","background-image":"","background-repeat":"repeat","background-position":"center center","background-size":"auto","background-attachment":"scroll","background-type":"","background-media":"","overlay-type":"","overlay-color":"","overlay-opacity":"","overlay-gradient":""}},"footnotes":""},"class_list":["post-185","page","type-page","status-publish","hentry"],"_links":{"self":[{"href":"https:\/\/terrakiz.fr\/index.php?rest_route=\/wp\/v2\/pages\/185","targetHints":{"allow":["GET"]}}],"collection":[{"href":"https:\/\/terrakiz.fr\/index.php?rest_route=\/wp\/v2\/pages"}],"about":[{"href":"https:\/\/terrakiz.fr\/index.php?rest_route=\/wp\/v2\/types\/page"}],"author":[{"embeddable":true,"href":"https:\/\/terrakiz.fr\/index.php?rest_route=\/wp\/v2\/users\/1"}],"replies":[{"embeddable":true,"href":"https:\/\/terrakiz.fr\/index.php?rest_route=%2Fwp%2Fv2%2Fcomments&post=185"}],"version-history":[{"count":9,"href":"https:\/\/terrakiz.fr\/index.php?rest_route=\/wp\/v2\/pages\/185\/revisions"}],"predecessor-version":[{"id":206,"href":"https:\/\/terrakiz.fr\/index.php?rest_route=\/wp\/v2\/pages\/185\/revisions\/206"}],"up":[{"embeddable":true,"href":"https:\/\/terrakiz.fr\/index.php?rest_route=\/wp\/v2\/pages\/24"}],"wp:attachment":[{"href":"https:\/\/terrakiz.fr\/index.php?rest_route=%2Fwp%2Fv2%2Fmedia&parent=185"}],"curies":[{"name":"wp","href":"https:\/\/api.w.org\/{rel}","templated":true}]}}